{"id":13,"date":"2025-04-24T10:02:02","date_gmt":"2025-04-24T08:02:02","guid":{"rendered":"https:\/\/cynergieetequilibre.be\/?page_id=13"},"modified":"2025-04-28T21:07:22","modified_gmt":"2025-04-28T19:07:22","slug":"mes-formations","status":"publish","type":"page","link":"https:\/\/cynergieetequilibre.be\/index.php\/mes-formations\/","title":{"rendered":"Mes formations"},"content":{"rendered":"\n<h1 class=\"wp-block-heading has-large-font-size\">Pour pouvoir vous proposer des services de qualit\u00e9, je me suis form\u00e9e aupr\u00e8s de professionnels r\u00e9put\u00e9s et exp\u00e9riment\u00e9s. Voici un aper\u00e7u de mes formations :<\/h1>\n\n\n\n<h2 class=\"wp-block-heading has-medium-font-size\">Formation en clicker training<\/h2>\n\n\n\n<p class=\"has-medium-font-size\">Formation intensive de plusieurs jours sur le Clicker Training avec Magali NT Revalidation. Cette formation m&#8217;a permis d&#8217;acqu\u00e9rir des comp\u00e9tences approfondies dans l&#8217;utilisation de cette m\u00e9thode positive pour l&#8217;\u00e9ducation canine.<\/p>\n\n\n\n<h2 class=\"wp-block-heading has-medium-font-size\">\u00c9ducatrice et coach en comportement canin<\/h2>\n\n\n\n<p class=\"has-medium-font-size\">Niveau 1 : De septembre \u00e0 d\u00e9cembre 2024, j&#8217;ai suivi une formation en tant qu&#8217;\u00e9ducatrice et coach en comportement canin aupr\u00e8s du Monde d&#8217;Emi. Cela m&#8217;a donn\u00e9 une solide base pour comprendre et interpr\u00e9ter les comportements canins.<\/p>\n\n\n\n<p class=\"has-medium-font-size\">Niveau 2 : De janvier \u00e0 mars 2025, j&#8217;ai poursuivi ma formation avec le Monde d&#8217;Emi pour approfondir mes connaissances et mes comp\u00e9tences en tant qu&#8217;\u00e9ducatrice et coach en comportement canin.<\/p>\n\n\n\n<h2 class=\"wp-block-heading has-medium-font-size\">Formation en ligne &#8220;Mon chien r\u00e9actif&#8221;<\/h2>\n\n\n\n<p class=\"has-medium-font-size\">J&#8217;ai compl\u00e9t\u00e9 la formation en ligne &#8220;Mon Chien R\u00e9actif&#8221; avec Simone Raffa. Cette formation m&#8217;a aid\u00e9e \u00e0 d\u00e9velopper des strat\u00e9gies pour mieux g\u00e9rer les chiens r\u00e9actifs et \u00e0 renforcer leur comportement positif.<\/p>\n\n\n\n<h2 class=\"wp-block-heading has-medium-font-size\">Engagement continu<\/h2>\n\n\n\n<p class=\"has-medium-font-size\">Il est \u00e9vident que dans l&#8217;optique de vous proposer des services toujours plus qualitatifs, je vais continuer \u00e0 suivre des formations aupr\u00e8s de professionnels comp\u00e9tents utilisant des m\u00e9thodes bienveillantes. Mon objectif est de rester \u00e0 la pointe des techniques d&#8217;\u00e9ducation canine pour offrir le meilleur \u00e0 mes clients et \u00e0 leurs compagnons \u00e0 quatre pattes.<\/p>\n","protected":false},"excerpt":{"rendered":"<p>Pour pouvoir vous proposer des services de qualit\u00e9, je me suis form\u00e9e aupr\u00e8s de professionnels r\u00e9put\u00e9s et exp\u00e9riment\u00e9s. Voici un aper\u00e7u de mes formations : Formation en clicker training Formation intensive de plusieurs jours sur le Clicker Training avec Magali NT Revalidation. Cette formation m&#8217;a permis d&#8217;acqu\u00e9rir des comp\u00e9tences approfondies dans l&#8217;utilisation de cette m\u00e9thode &hellip; <\/p>\n<p class=\"link-more\"><a href=\"https:\/\/cynergieetequilibre.be\/index.php\/mes-formations\/\" class=\"more-link\">Continue reading<span class=\"screen-reader-text\"> &#8220;Mes formations&#8221;<\/span><\/a><\/p>\n","protected":false},"author":1,"featured_media":0,"parent":0,"menu_order":0,"comment_status":"closed","ping_status":"closed","template":"","meta":{"footnotes":""},"class_list":["post-13","page","type-page","status-publish","hentry"],"yoast_head":"<!-- This site is optimized with the Yoast SEO plugin v25.8 - https:\/\/yoast.com\/wordpress\/plugins\/seo\/ -->\n<title>Mes formations - Cyn&#039;ergie et Equi&#039;libre<\/title>\n<meta name=\"robots\" content=\"index, follow, max-snippet:-1, max-image-preview:large, max-video-preview:-1\" \/>\n<link rel=\"canonical\" href=\"https:\/\/cynergieetequilibre.be\/index.php\/mes-formations\/\" \/>\n<meta property=\"og:locale\" content=\"en_US\" \/>\n<meta property=\"og:type\" content=\"article\" \/>\n<meta property=\"og:title\" content=\"Mes formations - Cyn&#039;ergie et Equi&#039;libre\" \/>\n<meta property=\"og:description\" content=\"Pour pouvoir vous proposer des services de qualit\u00e9, je me suis form\u00e9e aupr\u00e8s de professionnels r\u00e9put\u00e9s et exp\u00e9riment\u00e9s. Voici un aper\u00e7u de mes formations : Formation en clicker training Formation intensive de plusieurs jours sur le Clicker Training avec Magali NT Revalidation. Cette formation m&#8217;a permis d&#8217;acqu\u00e9rir des comp\u00e9tences approfondies dans l&#8217;utilisation de cette m\u00e9thode &hellip; Continue reading &quot;Mes formations&quot;\" \/>\n<meta property=\"og:url\" content=\"https:\/\/cynergieetequilibre.be\/index.php\/mes-formations\/\" \/>\n<meta property=\"og:site_name\" content=\"Cyn&#039;ergie et Equi&#039;libre\" \/>\n<meta property=\"article:publisher\" content=\"https:\/\/www.facebook.com\/CynergieEtEquilibre\" \/>\n<meta property=\"article:modified_time\" content=\"2025-04-28T19:07:22+00:00\" \/>\n<meta name=\"twitter:card\" content=\"summary_large_image\" \/>\n<meta name=\"twitter:label1\" content=\"Est. reading time\" \/>\n\t<meta name=\"twitter:data1\" content=\"1 minute\" \/>\n<script type=\"application\/ld+json\" class=\"yoast-schema-graph\">{\"@context\":\"https:\/\/schema.org\",\"@graph\":[{\"@type\":\"WebPage\",\"@id\":\"https:\/\/cynergieetequilibre.be\/index.php\/mes-formations\/\",\"url\":\"https:\/\/cynergieetequilibre.be\/index.php\/mes-formations\/\",\"name\":\"Mes formations - Cyn&#039;ergie et Equi&#039;libre\",\"isPartOf\":{\"@id\":\"http:\/\/cynergieetequilibre.be\/#website\"},\"datePublished\":\"2025-04-24T08:02:02+00:00\",\"dateModified\":\"2025-04-28T19:07:22+00:00\",\"breadcrumb\":{\"@id\":\"https:\/\/cynergieetequilibre.be\/index.php\/mes-formations\/#breadcrumb\"},\"inLanguage\":\"en-US\",\"potentialAction\":[{\"@type\":\"ReadAction\",\"target\":[\"https:\/\/cynergieetequilibre.be\/index.php\/mes-formations\/\"]}]},{\"@type\":\"BreadcrumbList\",\"@id\":\"https:\/\/cynergieetequilibre.be\/index.php\/mes-formations\/#breadcrumb\",\"itemListElement\":[{\"@type\":\"ListItem\",\"position\":1,\"name\":\"Accueil\",\"item\":\"http:\/\/cynergieetequilibre.be\/\"},{\"@type\":\"ListItem\",\"position\":2,\"name\":\"Mes formations\"}]},{\"@type\":\"WebSite\",\"@id\":\"http:\/\/cynergieetequilibre.be\/#website\",\"url\":\"http:\/\/cynergieetequilibre.be\/\",\"name\":\"Cyn'ergie et Equi'libre\",\"description\":\"Educatrice et coach en comportement canin dans la r\u00e9gion de Malmedy, Stavelot, Waimes et alentours.\",\"publisher\":{\"@id\":\"http:\/\/cynergieetequilibre.be\/#\/schema\/person\/11ba0bb7b37ba444cfe6c67e125e653f\"},\"potentialAction\":[{\"@type\":\"SearchAction\",\"target\":{\"@type\":\"EntryPoint\",\"urlTemplate\":\"http:\/\/cynergieetequilibre.be\/?s={search_term_string}\"},\"query-input\":{\"@type\":\"PropertyValueSpecification\",\"valueRequired\":true,\"valueName\":\"search_term_string\"}}],\"inLanguage\":\"en-US\"},{\"@type\":[\"Person\",\"Organization\"],\"@id\":\"http:\/\/cynergieetequilibre.be\/#\/schema\/person\/11ba0bb7b37ba444cfe6c67e125e653f\",\"name\":\"Cyn'ergie et Equi'libre\",\"image\":{\"@type\":\"ImageObject\",\"inLanguage\":\"en-US\",\"@id\":\"http:\/\/cynergieetequilibre.be\/#\/schema\/person\/image\/\",\"url\":\"https:\/\/cynergieetequilibre.be\/wp-content\/uploads\/2025\/04\/cropped-PNG-1.png\",\"contentUrl\":\"https:\/\/cynergieetequilibre.be\/wp-content\/uploads\/2025\/04\/cropped-PNG-1.png\",\"width\":554,\"height\":598,\"caption\":\"Cyn'ergie et Equi'libre\"},\"logo\":{\"@id\":\"http:\/\/cynergieetequilibre.be\/#\/schema\/person\/image\/\"},\"sameAs\":[\"http:\/\/cynergieetequilibre.be\",\"https:\/\/www.facebook.com\/CynergieEtEquilibre\"]}]}<\/script>\n<!-- \/ Yoast SEO plugin. -->","yoast_head_json":{"title":"Mes formations - Cyn&#039;ergie et Equi&#039;libre","robots":{"index":"index","follow":"follow","max-snippet":"max-snippet:-1","max-image-preview":"max-image-preview:large","max-video-preview":"max-video-preview:-1"},"canonical":"https:\/\/cynergieetequilibre.be\/index.php\/mes-formations\/","og_locale":"en_US","og_type":"article","og_title":"Mes formations - Cyn&#039;ergie et Equi&#039;libre","og_description":"Pour pouvoir vous proposer des services de qualit\u00e9, je me suis form\u00e9e aupr\u00e8s de professionnels r\u00e9put\u00e9s et exp\u00e9riment\u00e9s. Voici un aper\u00e7u de mes formations : Formation en clicker training Formation intensive de plusieurs jours sur le Clicker Training avec Magali NT Revalidation. Cette formation m&#8217;a permis d&#8217;acqu\u00e9rir des comp\u00e9tences approfondies dans l&#8217;utilisation de cette m\u00e9thode &hellip; Continue reading \"Mes formations\"","og_url":"https:\/\/cynergieetequilibre.be\/index.php\/mes-formations\/","og_site_name":"Cyn&#039;ergie et Equi&#039;libre","article_publisher":"https:\/\/www.facebook.com\/CynergieEtEquilibre","article_modified_time":"2025-04-28T19:07:22+00:00","twitter_card":"summary_large_image","twitter_misc":{"Est. reading time":"1 minute"},"schema":{"@context":"https:\/\/schema.org","@graph":[{"@type":"WebPage","@id":"https:\/\/cynergieetequilibre.be\/index.php\/mes-formations\/","url":"https:\/\/cynergieetequilibre.be\/index.php\/mes-formations\/","name":"Mes formations - Cyn&#039;ergie et Equi&#039;libre","isPartOf":{"@id":"http:\/\/cynergieetequilibre.be\/#website"},"datePublished":"2025-04-24T08:02:02+00:00","dateModified":"2025-04-28T19:07:22+00:00","breadcrumb":{"@id":"https:\/\/cynergieetequilibre.be\/index.php\/mes-formations\/#breadcrumb"},"inLanguage":"en-US","potentialAction":[{"@type":"ReadAction","target":["https:\/\/cynergieetequilibre.be\/index.php\/mes-formations\/"]}]},{"@type":"BreadcrumbList","@id":"https:\/\/cynergieetequilibre.be\/index.php\/mes-formations\/#breadcrumb","itemListElement":[{"@type":"ListItem","position":1,"name":"Accueil","item":"http:\/\/cynergieetequilibre.be\/"},{"@type":"ListItem","position":2,"name":"Mes formations"}]},{"@type":"WebSite","@id":"http:\/\/cynergieetequilibre.be\/#website","url":"http:\/\/cynergieetequilibre.be\/","name":"Cyn'ergie et Equi'libre","description":"Educatrice et coach en comportement canin dans la r\u00e9gion de Malmedy, Stavelot, Waimes et alentours.","publisher":{"@id":"http:\/\/cynergieetequilibre.be\/#\/schema\/person\/11ba0bb7b37ba444cfe6c67e125e653f"},"potentialAction":[{"@type":"SearchAction","target":{"@type":"EntryPoint","urlTemplate":"http:\/\/cynergieetequilibre.be\/?s={search_term_string}"},"query-input":{"@type":"PropertyValueSpecification","valueRequired":true,"valueName":"search_term_string"}}],"inLanguage":"en-US"},{"@type":["Person","Organization"],"@id":"http:\/\/cynergieetequilibre.be\/#\/schema\/person\/11ba0bb7b37ba444cfe6c67e125e653f","name":"Cyn'ergie et Equi'libre","image":{"@type":"ImageObject","inLanguage":"en-US","@id":"http:\/\/cynergieetequilibre.be\/#\/schema\/person\/image\/","url":"https:\/\/cynergieetequilibre.be\/wp-content\/uploads\/2025\/04\/cropped-PNG-1.png","contentUrl":"https:\/\/cynergieetequilibre.be\/wp-content\/uploads\/2025\/04\/cropped-PNG-1.png","width":554,"height":598,"caption":"Cyn'ergie et Equi'libre"},"logo":{"@id":"http:\/\/cynergieetequilibre.be\/#\/schema\/person\/image\/"},"sameAs":["http:\/\/cynergieetequilibre.be","https:\/\/www.facebook.com\/CynergieEtEquilibre"]}]}},"_links":{"self":[{"href":"https:\/\/cynergieetequilibre.be\/index.php\/wp-json\/wp\/v2\/pages\/13","targetHints":{"allow":["GET"]}}],"collection":[{"href":"https:\/\/cynergieetequilibre.be\/index.php\/wp-json\/wp\/v2\/pages"}],"about":[{"href":"https:\/\/cynergieetequilibre.be\/index.php\/wp-json\/wp\/v2\/types\/page"}],"author":[{"embeddable":true,"href":"https:\/\/cynergieetequilibre.be\/index.php\/wp-json\/wp\/v2\/users\/1"}],"replies":[{"embeddable":true,"href":"https:\/\/cynergieetequilibre.be\/index.php\/wp-json\/wp\/v2\/comments?post=13"}],"version-history":[{"count":8,"href":"https:\/\/cynergieetequilibre.be\/index.php\/wp-json\/wp\/v2\/pages\/13\/revisions"}],"predecessor-version":[{"id":329,"href":"https:\/\/cynergieetequilibre.be\/index.php\/wp-json\/wp\/v2\/pages\/13\/revisions\/329"}],"wp:attachment":[{"href":"https:\/\/cynergieetequilibre.be\/index.php\/wp-json\/wp\/v2\/media?parent=13"}],"curies":[{"name":"wp","href":"https:\/\/api.w.org\/{rel}","templated":true}]}}