{"id":11,"date":"2025-04-24T10:01:43","date_gmt":"2025-04-24T08:01:43","guid":{"rendered":"https:\/\/cynergieetequilibre.be\/?page_id=11"},"modified":"2025-05-01T10:31:09","modified_gmt":"2025-05-01T08:31:09","slug":"mes-services","status":"publish","type":"page","link":"https:\/\/cynergieetequilibre.be\/index.php\/mes-services\/","title":{"rendered":"Mes services"},"content":{"rendered":"\n<div class=\"wp-block-group alignfull is-content-justification-center\" style=\"margin-top:0;margin-bottom:0;padding-top:calc( 0.5 * var(--wp--style--root--padding-right, var(--wp--custom--gap--horizontal)));padding-right:var(--wp--style--root--padding-right, var(--wp--custom--gap--horizontal));padding-bottom:calc( 0.5 * var(--wp--style--root--padding-right, var(--wp--custom--gap--horizontal)));padding-left:var(--wp--style--root--padding-left, var(--wp--custom--gap--horizontal))\"><div class=\"wp-block-group__inner-container is-layout-constrained wp-container-core-group-is-layout-b073b61b wp-block-group-is-layout-constrained\">\n<div style=\"height:calc( 0.25 * var(--wp--style--root--padding-right, var(--wp--custom--gap--horizontal)))\" aria-hidden=\"true\" class=\"wp-block-spacer\"><\/div>\n\n\n\n<h2 class=\"wp-block-heading has-text-align-center\"><\/h2>\n\n\n\n<div style=\"height:calc( 0.25 * var(--wp--style--root--padding-right, var(--wp--custom--gap--horizontal)))\" aria-hidden=\"true\" class=\"wp-block-spacer\"><\/div>\n\n\n\n<div class=\"wp-block-columns alignwide is-layout-flex wp-container-core-columns-is-layout-41e3e26a wp-block-columns-is-layout-flex\">\n<div class=\"wp-block-column is-layout-flow wp-block-column-is-layout-flow\">\n<figure class=\"wp-block-image size-full\"><img loading=\"lazy\" decoding=\"async\" width=\"512\" height=\"512\" src=\"https:\/\/cynergieetequilibre.be\/wp-content\/uploads\/2025\/05\/chien.png\" alt=\"\" class=\"wp-image-404\" style=\"aspect-ratio:1;object-fit:cover\" srcset=\"https:\/\/cynergieetequilibre.be\/wp-content\/uploads\/2025\/05\/chien.png 512w, https:\/\/cynergieetequilibre.be\/wp-content\/uploads\/2025\/05\/chien-300x300.png 300w, https:\/\/cynergieetequilibre.be\/wp-content\/uploads\/2025\/05\/chien-150x150.png 150w, https:\/\/cynergieetequilibre.be\/wp-content\/uploads\/2025\/05\/chien-400x400.png 400w, https:\/\/cynergieetequilibre.be\/wp-content\/uploads\/2025\/05\/chien-100x100.png 100w\" sizes=\"auto, (max-width: 512px) 100vw, 512px\" \/><\/figure>\n\n\n\n<div style=\"height:4px\" aria-hidden=\"true\" class=\"wp-block-spacer\"><\/div>\n\n\n\n<div class=\"wp-block-group\"><div class=\"wp-block-group__inner-container is-layout-flow wp-block-group-is-layout-flow\">\n<h3 class=\"wp-block-heading has-medium-font-size\" style=\"font-style:normal;font-weight:700\">Arriv\u00e9e d&#8217;un nouveau chien <\/h3>\n\n\n\n<p>Comment s&#8217;y pr\u00e9parer au mieux?<\/p>\n<\/div><\/div>\n\n\n\n<p>Que \u00e7a soit pour l&#8217;adoption d&#8217;un chiot, d&#8217;un chien adulte ou d&#8217;un chien de refuge je vous aide et vous conseille pour que ce moment soit le plus adapt\u00e9 \u00e0 votre chien et son \u00e9panouissement.<\/p>\n<\/div>\n\n\n\n<div class=\"wp-block-column is-layout-flow wp-block-column-is-layout-flow\">\n<figure class=\"wp-block-image size-full\"><img loading=\"lazy\" decoding=\"async\" width=\"512\" height=\"512\" src=\"https:\/\/cynergieetequilibre.be\/wp-content\/uploads\/2025\/05\/elevage.png\" alt=\"\" class=\"wp-image-405\" style=\"aspect-ratio:1;object-fit:cover\" srcset=\"https:\/\/cynergieetequilibre.be\/wp-content\/uploads\/2025\/05\/elevage.png 512w, https:\/\/cynergieetequilibre.be\/wp-content\/uploads\/2025\/05\/elevage-300x300.png 300w, https:\/\/cynergieetequilibre.be\/wp-content\/uploads\/2025\/05\/elevage-150x150.png 150w, https:\/\/cynergieetequilibre.be\/wp-content\/uploads\/2025\/05\/elevage-400x400.png 400w, https:\/\/cynergieetequilibre.be\/wp-content\/uploads\/2025\/05\/elevage-100x100.png 100w\" sizes=\"auto, (max-width: 512px) 100vw, 512px\" \/><\/figure>\n\n\n\n<div style=\"height:4px\" aria-hidden=\"true\" class=\"wp-block-spacer\"><\/div>\n\n\n\n<div class=\"wp-block-group\"><div class=\"wp-block-group__inner-container is-layout-flow wp-block-group-is-layout-flow\">\n<div class=\"wp-block-group\"><div class=\"wp-block-group__inner-container is-layout-flow wp-block-group-is-layout-flow\">\n<h3 class=\"wp-block-heading has-medium-font-size\" style=\"font-style:normal;font-weight:700\">Aide \u00e0 l&#8217;\u00e9levage<\/h3>\n\n\n\n<p>Avoir des chiots biens dans leurs pattes <\/p>\n<\/div><\/div>\n<\/div><\/div>\n\n\n\n<p>Il est important pour un \u00e9leveur, m\u00eame occassionnel, de vendre des chiots bien dans leurs pattes. Pour se faire, je vous accompagne lors de s\u00e9ances afin de vous donner un maximum de conseils, d&#8217;astuces et d&#8217;exercices pour que vos chiots partent dans des familles en ayant d\u00e9j\u00e0 une certaine \u00e9ducation.<\/p>\n<\/div>\n\n\n\n<div class=\"wp-block-column is-layout-flow wp-block-column-is-layout-flow\">\n<figure class=\"wp-block-image size-full\"><img loading=\"lazy\" decoding=\"async\" width=\"512\" height=\"512\" src=\"https:\/\/cynergieetequilibre.be\/wp-content\/uploads\/2025\/05\/chiot.png\" alt=\"\" class=\"wp-image-407\" style=\"aspect-ratio:1;object-fit:cover\" srcset=\"https:\/\/cynergieetequilibre.be\/wp-content\/uploads\/2025\/05\/chiot.png 512w, https:\/\/cynergieetequilibre.be\/wp-content\/uploads\/2025\/05\/chiot-300x300.png 300w, https:\/\/cynergieetequilibre.be\/wp-content\/uploads\/2025\/05\/chiot-150x150.png 150w, https:\/\/cynergieetequilibre.be\/wp-content\/uploads\/2025\/05\/chiot-400x400.png 400w, https:\/\/cynergieetequilibre.be\/wp-content\/uploads\/2025\/05\/chiot-100x100.png 100w\" sizes=\"auto, (max-width: 512px) 100vw, 512px\" \/><\/figure>\n\n\n\n<div style=\"height:4px\" aria-hidden=\"true\" class=\"wp-block-spacer\"><\/div>\n\n\n\n<div class=\"wp-block-group\"><div class=\"wp-block-group__inner-container is-layout-flow wp-block-group-is-layout-flow\">\n<div class=\"wp-block-group\"><div class=\"wp-block-group__inner-container is-layout-flow wp-block-group-is-layout-flow\">\n<h3 class=\"wp-block-heading has-medium-font-size\" style=\"font-style:normal;font-weight:700\">Modules chiots<\/h3>\n\n\n\n<p>Les apprentissages les plus importants pour votre chiot<\/p>\n<\/div><\/div>\n<\/div><\/div>\n\n\n\n<p>Nos modules chiots sont des programmes \u00e9ducatifs sp\u00e9cialement con\u00e7us pour les chiots jusqu&#8217;\u00e0 8 mois. Ils couvrent les bases essentielles, \u00e0 savoir: <\/p>\n\n\n\n<ul class=\"wp-block-list\">\n<li>Socialisation (inter et intrasp\u00e9cifique)<\/li>\n\n\n\n<li>Ob\u00e9issance de base<\/li>\n\n\n\n<li>Marche en laisse<\/li>\n\n\n\n<li>Rappel<\/li>\n\n\n\n<li>Manipulations (par vous m\u00eame et le v\u00e9t\u00e9rinaire, &#8230;)<\/li>\n<\/ul>\n\n\n\n<p>Ces modules visent \u00e0 fournir \u00e0 votre chiot un d\u00e9but de vie \u00e9quilibr\u00e9 et heureux.<\/p>\n<\/div>\n<\/div>\n\n\n\n<div style=\"height:calc( 0.25 * var(--wp--style--root--padding-right, var(--wp--custom--gap--horizontal)))\" aria-hidden=\"true\" class=\"wp-block-spacer\"><\/div>\n\n\n\n<div class=\"wp-block-columns alignwide is-layout-flex wp-container-core-columns-is-layout-41e3e26a wp-block-columns-is-layout-flex\">\n<div class=\"wp-block-column is-layout-flow wp-block-column-is-layout-flow\">\n<figure class=\"wp-block-image size-full\"><img loading=\"lazy\" decoding=\"async\" width=\"512\" height=\"512\" src=\"https:\/\/cynergieetequilibre.be\/wp-content\/uploads\/2025\/05\/chiot-chien-et-son-proprietaire-a-la-recherche-de-directions-opposees.png\" alt=\"\" class=\"wp-image-406\" style=\"aspect-ratio:1;object-fit:cover\" srcset=\"https:\/\/cynergieetequilibre.be\/wp-content\/uploads\/2025\/05\/chiot-chien-et-son-proprietaire-a-la-recherche-de-directions-opposees.png 512w, https:\/\/cynergieetequilibre.be\/wp-content\/uploads\/2025\/05\/chiot-chien-et-son-proprietaire-a-la-recherche-de-directions-opposees-300x300.png 300w, https:\/\/cynergieetequilibre.be\/wp-content\/uploads\/2025\/05\/chiot-chien-et-son-proprietaire-a-la-recherche-de-directions-opposees-150x150.png 150w, https:\/\/cynergieetequilibre.be\/wp-content\/uploads\/2025\/05\/chiot-chien-et-son-proprietaire-a-la-recherche-de-directions-opposees-400x400.png 400w, https:\/\/cynergieetequilibre.be\/wp-content\/uploads\/2025\/05\/chiot-chien-et-son-proprietaire-a-la-recherche-de-directions-opposees-100x100.png 100w\" sizes=\"auto, (max-width: 512px) 100vw, 512px\" \/><\/figure>\n\n\n\n<div style=\"height:4px\" aria-hidden=\"true\" class=\"wp-block-spacer\"><\/div>\n\n\n\n<div class=\"wp-block-group\"><div class=\"wp-block-group__inner-container is-layout-flow wp-block-group-is-layout-flow\">\n<h3 class=\"wp-block-heading has-medium-font-size\" style=\"font-style:normal;font-weight:700\">Probl\u00e8mes comportementaux<\/h3>\n\n\n\n<p>S\u00e9ances individuelles<\/p>\n<\/div><\/div>\n\n\n\n<p>Je vous accompagne \u00e9galement dans la r\u00e9solution de probl\u00e8mes de comportements que vous pourriez rencontrer avec votre chien (malpropret\u00e9, chiens r\u00e9actifs, chiot qui pince, &#8230;).<\/p>\n<\/div>\n\n\n\n<div class=\"wp-block-column is-layout-flow wp-block-column-is-layout-flow\">\n<figure class=\"wp-block-image size-full\"><img loading=\"lazy\" decoding=\"async\" width=\"512\" height=\"512\" src=\"https:\/\/cynergieetequilibre.be\/wp-content\/uploads\/2025\/05\/entrainement-de-chien.png\" alt=\"\" class=\"wp-image-408\" style=\"aspect-ratio:1;object-fit:cover\" srcset=\"https:\/\/cynergieetequilibre.be\/wp-content\/uploads\/2025\/05\/entrainement-de-chien.png 512w, https:\/\/cynergieetequilibre.be\/wp-content\/uploads\/2025\/05\/entrainement-de-chien-300x300.png 300w, https:\/\/cynergieetequilibre.be\/wp-content\/uploads\/2025\/05\/entrainement-de-chien-150x150.png 150w, https:\/\/cynergieetequilibre.be\/wp-content\/uploads\/2025\/05\/entrainement-de-chien-400x400.png 400w, https:\/\/cynergieetequilibre.be\/wp-content\/uploads\/2025\/05\/entrainement-de-chien-100x100.png 100w\" sizes=\"auto, (max-width: 512px) 100vw, 512px\" \/><\/figure>\n\n\n\n<div style=\"height:4px\" aria-hidden=\"true\" class=\"wp-block-spacer\"><\/div>\n\n\n\n<div class=\"wp-block-group\"><div class=\"wp-block-group__inner-container is-layout-flow wp-block-group-is-layout-flow\">\n<div class=\"wp-block-group\"><div class=\"wp-block-group__inner-container is-layout-flow wp-block-group-is-layout-flow\">\n<h3 class=\"wp-block-heading has-medium-font-size\" style=\"font-style:normal;font-weight:700\">Balades canines de groupe<\/h3>\n\n\n\n<p>Aider votre chien \u00e0 s&#8217;\u00e9panouir socialement<\/p>\n<\/div><\/div>\n<\/div><\/div>\n\n\n\n<p>Nous organisons des balades de groupes encadr\u00e9es avec un maximum de 10 chiens par sortie. Ces balades sont une excellente occasion pour votre chien de :<\/p>\n\n\n\n<ul class=\"wp-block-list\">\n<li>Socialiser avec d&#8217;autres chiens<\/li>\n\n\n\n<li>D\u00e9penser son \u00e9nergie<\/li>\n\n\n\n<li>D\u00e9couvrir de nouveaux environnements en toute s\u00e9curit\u00e9<\/li>\n<\/ul>\n\n\n\n<p>Chaque balade est supervis\u00e9e pour garantir une exp\u00e9rience s\u00fbre et agr\u00e9able pour tous<\/p>\n<\/div>\n\n\n\n<div class=\"wp-block-column is-layout-flow wp-block-column-is-layout-flow\">\n<figure class=\"wp-block-image size-full\"><img loading=\"lazy\" decoding=\"async\" width=\"512\" height=\"512\" src=\"https:\/\/cynergieetequilibre.be\/wp-content\/uploads\/2025\/05\/boutique-en-ligne.png\" alt=\"\" class=\"wp-image-409\" style=\"aspect-ratio:1;object-fit:cover\" srcset=\"https:\/\/cynergieetequilibre.be\/wp-content\/uploads\/2025\/05\/boutique-en-ligne.png 512w, https:\/\/cynergieetequilibre.be\/wp-content\/uploads\/2025\/05\/boutique-en-ligne-300x300.png 300w, https:\/\/cynergieetequilibre.be\/wp-content\/uploads\/2025\/05\/boutique-en-ligne-150x150.png 150w, https:\/\/cynergieetequilibre.be\/wp-content\/uploads\/2025\/05\/boutique-en-ligne-400x400.png 400w, https:\/\/cynergieetequilibre.be\/wp-content\/uploads\/2025\/05\/boutique-en-ligne-100x100.png 100w\" sizes=\"auto, (max-width: 512px) 100vw, 512px\" \/><\/figure>\n\n\n\n<div style=\"height:4px\" aria-hidden=\"true\" class=\"wp-block-spacer\"><\/div>\n\n\n\n<div class=\"wp-block-group\"><div class=\"wp-block-group__inner-container is-layout-flow wp-block-group-is-layout-flow\">\n<div class=\"wp-block-group\"><div class=\"wp-block-group__inner-container is-layout-flow wp-block-group-is-layout-flow\">\n<h3 class=\"wp-block-heading has-medium-font-size\" style=\"font-style:normal;font-weight:700\">Webshop<\/h3>\n\n\n\n<p>Articles de bases pour un chien aux besoins combl\u00e9s<\/p>\n<\/div><\/div>\n<\/div><\/div>\n\n\n\n<p>Notre webshop est d\u00e9di\u00e9 \u00e0 fournir le meilleur mat\u00e9riel, les meilleurs accessoires et les meilleures nourritures\/mastications pour vos chiens. Vous y trouverez :<\/p>\n\n\n\n<ul class=\"wp-block-list\">\n<li>Colliers, laisses et harnais de qualit\u00e9<\/li>\n\n\n\n<li>Jouets \u00e9ducatifs et ludiques<\/li>\n\n\n\n<li>Nourriture premium et friandises saines<\/li>\n<\/ul>\n\n\n\n<p>Nous nous engageons \u00e0 offrir des produits soigneusement s\u00e9lectionn\u00e9s pour le bien-\u00eatre et le plaisir de votre compagnon \u00e0 quatre pattes.<\/p>\n<\/div>\n<\/div>\n\n\n\n<h2 class=\"wp-block-heading\"><\/h2>\n<\/div><\/div>\n","protected":false},"excerpt":{"rendered":"<p>Arriv\u00e9e d&#8217;un nouveau chien Comment s&#8217;y pr\u00e9parer au mieux? Que \u00e7a soit pour l&#8217;adoption d&#8217;un chiot, d&#8217;un chien adulte ou d&#8217;un chien de refuge je vous aide et vous conseille pour que ce moment soit le plus adapt\u00e9 \u00e0 votre chien et son \u00e9panouissement. Aide \u00e0 l&#8217;\u00e9levage Avoir des chiots biens dans leurs pattes Il &hellip; <\/p>\n<p class=\"link-more\"><a href=\"https:\/\/cynergieetequilibre.be\/index.php\/mes-services\/\" class=\"more-link\">Continue reading<span class=\"screen-reader-text\"> &#8220;Mes services&#8221;<\/span><\/a><\/p>\n","protected":false},"author":1,"featured_media":0,"parent":0,"menu_order":0,"comment_status":"closed","ping_status":"closed","template":"","meta":{"footnotes":""},"class_list":["post-11","page","type-page","status-publish","hentry"],"yoast_head":"<!-- This site is optimized with the Yoast SEO plugin v25.8 - https:\/\/yoast.com\/wordpress\/plugins\/seo\/ -->\n<title>Mes services - Cyn&#039;ergie et Equi&#039;libre<\/title>\n<meta name=\"robots\" content=\"index, follow, max-snippet:-1, max-image-preview:large, max-video-preview:-1\" \/>\n<link rel=\"canonical\" href=\"https:\/\/cynergieetequilibre.be\/index.php\/mes-services\/\" \/>\n<meta property=\"og:locale\" content=\"en_US\" \/>\n<meta property=\"og:type\" content=\"article\" \/>\n<meta property=\"og:title\" content=\"Mes services - Cyn&#039;ergie et Equi&#039;libre\" \/>\n<meta property=\"og:description\" content=\"Arriv\u00e9e d&#8217;un nouveau chien Comment s&#8217;y pr\u00e9parer au mieux? Que \u00e7a soit pour l&#8217;adoption d&#8217;un chiot, d&#8217;un chien adulte ou d&#8217;un chien de refuge je vous aide et vous conseille pour que ce moment soit le plus adapt\u00e9 \u00e0 votre chien et son \u00e9panouissement. Aide \u00e0 l&#8217;\u00e9levage Avoir des chiots biens dans leurs pattes Il &hellip; Continue reading &quot;Mes services&quot;\" \/>\n<meta property=\"og:url\" content=\"https:\/\/cynergieetequilibre.be\/index.php\/mes-services\/\" \/>\n<meta property=\"og:site_name\" content=\"Cyn&#039;ergie et Equi&#039;libre\" \/>\n<meta property=\"article:publisher\" content=\"https:\/\/www.facebook.com\/CynergieEtEquilibre\" \/>\n<meta property=\"article:modified_time\" content=\"2025-05-01T08:31:09+00:00\" \/>\n<meta property=\"og:image\" content=\"https:\/\/cynergieetequilibre.be\/wp-content\/uploads\/2025\/05\/chien.png\" \/>\n<meta name=\"twitter:card\" content=\"summary_large_image\" \/>\n<meta name=\"twitter:label1\" content=\"Est. reading time\" \/>\n\t<meta name=\"twitter:data1\" content=\"2 minutes\" \/>\n<script type=\"application\/ld+json\" class=\"yoast-schema-graph\">{\"@context\":\"https:\/\/schema.org\",\"@graph\":[{\"@type\":\"WebPage\",\"@id\":\"https:\/\/cynergieetequilibre.be\/index.php\/mes-services\/\",\"url\":\"https:\/\/cynergieetequilibre.be\/index.php\/mes-services\/\",\"name\":\"Mes services - Cyn&#039;ergie et Equi&#039;libre\",\"isPartOf\":{\"@id\":\"http:\/\/cynergieetequilibre.be\/#website\"},\"primaryImageOfPage\":{\"@id\":\"https:\/\/cynergieetequilibre.be\/index.php\/mes-services\/#primaryimage\"},\"image\":{\"@id\":\"https:\/\/cynergieetequilibre.be\/index.php\/mes-services\/#primaryimage\"},\"thumbnailUrl\":\"https:\/\/cynergieetequilibre.be\/wp-content\/uploads\/2025\/05\/chien.png\",\"datePublished\":\"2025-04-24T08:01:43+00:00\",\"dateModified\":\"2025-05-01T08:31:09+00:00\",\"breadcrumb\":{\"@id\":\"https:\/\/cynergieetequilibre.be\/index.php\/mes-services\/#breadcrumb\"},\"inLanguage\":\"en-US\",\"potentialAction\":[{\"@type\":\"ReadAction\",\"target\":[\"https:\/\/cynergieetequilibre.be\/index.php\/mes-services\/\"]}]},{\"@type\":\"ImageObject\",\"inLanguage\":\"en-US\",\"@id\":\"https:\/\/cynergieetequilibre.be\/index.php\/mes-services\/#primaryimage\",\"url\":\"https:\/\/cynergieetequilibre.be\/wp-content\/uploads\/2025\/05\/chien.png\",\"contentUrl\":\"https:\/\/cynergieetequilibre.be\/wp-content\/uploads\/2025\/05\/chien.png\",\"width\":512,\"height\":512},{\"@type\":\"BreadcrumbList\",\"@id\":\"https:\/\/cynergieetequilibre.be\/index.php\/mes-services\/#breadcrumb\",\"itemListElement\":[{\"@type\":\"ListItem\",\"position\":1,\"name\":\"Accueil\",\"item\":\"http:\/\/cynergieetequilibre.be\/\"},{\"@type\":\"ListItem\",\"position\":2,\"name\":\"Mes services\"}]},{\"@type\":\"WebSite\",\"@id\":\"http:\/\/cynergieetequilibre.be\/#website\",\"url\":\"http:\/\/cynergieetequilibre.be\/\",\"name\":\"Cyn'ergie et Equi'libre\",\"description\":\"Educatrice et coach en comportement canin dans la r\u00e9gion de Malmedy, Stavelot, Waimes et alentours.\",\"publisher\":{\"@id\":\"http:\/\/cynergieetequilibre.be\/#\/schema\/person\/11ba0bb7b37ba444cfe6c67e125e653f\"},\"potentialAction\":[{\"@type\":\"SearchAction\",\"target\":{\"@type\":\"EntryPoint\",\"urlTemplate\":\"http:\/\/cynergieetequilibre.be\/?s={search_term_string}\"},\"query-input\":{\"@type\":\"PropertyValueSpecification\",\"valueRequired\":true,\"valueName\":\"search_term_string\"}}],\"inLanguage\":\"en-US\"},{\"@type\":[\"Person\",\"Organization\"],\"@id\":\"http:\/\/cynergieetequilibre.be\/#\/schema\/person\/11ba0bb7b37ba444cfe6c67e125e653f\",\"name\":\"Cyn'ergie et Equi'libre\",\"image\":{\"@type\":\"ImageObject\",\"inLanguage\":\"en-US\",\"@id\":\"http:\/\/cynergieetequilibre.be\/#\/schema\/person\/image\/\",\"url\":\"https:\/\/cynergieetequilibre.be\/wp-content\/uploads\/2025\/04\/cropped-PNG-1.png\",\"contentUrl\":\"https:\/\/cynergieetequilibre.be\/wp-content\/uploads\/2025\/04\/cropped-PNG-1.png\",\"width\":554,\"height\":598,\"caption\":\"Cyn'ergie et Equi'libre\"},\"logo\":{\"@id\":\"http:\/\/cynergieetequilibre.be\/#\/schema\/person\/image\/\"},\"sameAs\":[\"http:\/\/cynergieetequilibre.be\",\"https:\/\/www.facebook.com\/CynergieEtEquilibre\"]}]}<\/script>\n<!-- \/ Yoast SEO plugin. -->","yoast_head_json":{"title":"Mes services - Cyn&#039;ergie et Equi&#039;libre","robots":{"index":"index","follow":"follow","max-snippet":"max-snippet:-1","max-image-preview":"max-image-preview:large","max-video-preview":"max-video-preview:-1"},"canonical":"https:\/\/cynergieetequilibre.be\/index.php\/mes-services\/","og_locale":"en_US","og_type":"article","og_title":"Mes services - Cyn&#039;ergie et Equi&#039;libre","og_description":"Arriv\u00e9e d&#8217;un nouveau chien Comment s&#8217;y pr\u00e9parer au mieux? Que \u00e7a soit pour l&#8217;adoption d&#8217;un chiot, d&#8217;un chien adulte ou d&#8217;un chien de refuge je vous aide et vous conseille pour que ce moment soit le plus adapt\u00e9 \u00e0 votre chien et son \u00e9panouissement. Aide \u00e0 l&#8217;\u00e9levage Avoir des chiots biens dans leurs pattes Il &hellip; Continue reading \"Mes services\"","og_url":"https:\/\/cynergieetequilibre.be\/index.php\/mes-services\/","og_site_name":"Cyn&#039;ergie et Equi&#039;libre","article_publisher":"https:\/\/www.facebook.com\/CynergieEtEquilibre","article_modified_time":"2025-05-01T08:31:09+00:00","og_image":[{"url":"https:\/\/cynergieetequilibre.be\/wp-content\/uploads\/2025\/05\/chien.png","type":"","width":"","height":""}],"twitter_card":"summary_large_image","twitter_misc":{"Est. reading time":"2 minutes"},"schema":{"@context":"https:\/\/schema.org","@graph":[{"@type":"WebPage","@id":"https:\/\/cynergieetequilibre.be\/index.php\/mes-services\/","url":"https:\/\/cynergieetequilibre.be\/index.php\/mes-services\/","name":"Mes services - Cyn&#039;ergie et Equi&#039;libre","isPartOf":{"@id":"http:\/\/cynergieetequilibre.be\/#website"},"primaryImageOfPage":{"@id":"https:\/\/cynergieetequilibre.be\/index.php\/mes-services\/#primaryimage"},"image":{"@id":"https:\/\/cynergieetequilibre.be\/index.php\/mes-services\/#primaryimage"},"thumbnailUrl":"https:\/\/cynergieetequilibre.be\/wp-content\/uploads\/2025\/05\/chien.png","datePublished":"2025-04-24T08:01:43+00:00","dateModified":"2025-05-01T08:31:09+00:00","breadcrumb":{"@id":"https:\/\/cynergieetequilibre.be\/index.php\/mes-services\/#breadcrumb"},"inLanguage":"en-US","potentialAction":[{"@type":"ReadAction","target":["https:\/\/cynergieetequilibre.be\/index.php\/mes-services\/"]}]},{"@type":"ImageObject","inLanguage":"en-US","@id":"https:\/\/cynergieetequilibre.be\/index.php\/mes-services\/#primaryimage","url":"https:\/\/cynergieetequilibre.be\/wp-content\/uploads\/2025\/05\/chien.png","contentUrl":"https:\/\/cynergieetequilibre.be\/wp-content\/uploads\/2025\/05\/chien.png","width":512,"height":512},{"@type":"BreadcrumbList","@id":"https:\/\/cynergieetequilibre.be\/index.php\/mes-services\/#breadcrumb","itemListElement":[{"@type":"ListItem","position":1,"name":"Accueil","item":"http:\/\/cynergieetequilibre.be\/"},{"@type":"ListItem","position":2,"name":"Mes services"}]},{"@type":"WebSite","@id":"http:\/\/cynergieetequilibre.be\/#website","url":"http:\/\/cynergieetequilibre.be\/","name":"Cyn'ergie et Equi'libre","description":"Educatrice et coach en comportement canin dans la r\u00e9gion de Malmedy, Stavelot, Waimes et alentours.","publisher":{"@id":"http:\/\/cynergieetequilibre.be\/#\/schema\/person\/11ba0bb7b37ba444cfe6c67e125e653f"},"potentialAction":[{"@type":"SearchAction","target":{"@type":"EntryPoint","urlTemplate":"http:\/\/cynergieetequilibre.be\/?s={search_term_string}"},"query-input":{"@type":"PropertyValueSpecification","valueRequired":true,"valueName":"search_term_string"}}],"inLanguage":"en-US"},{"@type":["Person","Organization"],"@id":"http:\/\/cynergieetequilibre.be\/#\/schema\/person\/11ba0bb7b37ba444cfe6c67e125e653f","name":"Cyn'ergie et Equi'libre","image":{"@type":"ImageObject","inLanguage":"en-US","@id":"http:\/\/cynergieetequilibre.be\/#\/schema\/person\/image\/","url":"https:\/\/cynergieetequilibre.be\/wp-content\/uploads\/2025\/04\/cropped-PNG-1.png","contentUrl":"https:\/\/cynergieetequilibre.be\/wp-content\/uploads\/2025\/04\/cropped-PNG-1.png","width":554,"height":598,"caption":"Cyn'ergie et Equi'libre"},"logo":{"@id":"http:\/\/cynergieetequilibre.be\/#\/schema\/person\/image\/"},"sameAs":["http:\/\/cynergieetequilibre.be","https:\/\/www.facebook.com\/CynergieEtEquilibre"]}]}},"_links":{"self":[{"href":"https:\/\/cynergieetequilibre.be\/index.php\/wp-json\/wp\/v2\/pages\/11","targetHints":{"allow":["GET"]}}],"collection":[{"href":"https:\/\/cynergieetequilibre.be\/index.php\/wp-json\/wp\/v2\/pages"}],"about":[{"href":"https:\/\/cynergieetequilibre.be\/index.php\/wp-json\/wp\/v2\/types\/page"}],"author":[{"embeddable":true,"href":"https:\/\/cynergieetequilibre.be\/index.php\/wp-json\/wp\/v2\/users\/1"}],"replies":[{"embeddable":true,"href":"https:\/\/cynergieetequilibre.be\/index.php\/wp-json\/wp\/v2\/comments?post=11"}],"version-history":[{"count":4,"href":"https:\/\/cynergieetequilibre.be\/index.php\/wp-json\/wp\/v2\/pages\/11\/revisions"}],"predecessor-version":[{"id":411,"href":"https:\/\/cynergieetequilibre.be\/index.php\/wp-json\/wp\/v2\/pages\/11\/revisions\/411"}],"wp:attachment":[{"href":"https:\/\/cynergieetequilibre.be\/index.php\/wp-json\/wp\/v2\/media?parent=11"}],"curies":[{"name":"wp","href":"https:\/\/api.w.org\/{rel}","templated":true}]}}